{"id":6677,"date":"2026-02-16T11:23:01","date_gmt":"2026-02-16T09:23:01","guid":{"rendered":"https:\/\/jp.cars\/autos-verschueren-bibehaller-omsattningshastigheten-pa-en-utmanande-marknad\/"},"modified":"2026-02-16T13:49:49","modified_gmt":"2026-02-16T11:49:49","slug":"autos-verschueren-bibehaller-omsattningshastigheten-pa-en-utmanande-marknad","status":"publish","type":"page","link":"https:\/\/jp.cars\/sv\/autos-verschueren-bibehaller-omsattningshastigheten-pa-en-utmanande-marknad\/","title":{"rendered":"Auto\u2019s Verschueren bibeh\u00e5ller oms\u00e4ttningshastigheten p\u00e5 en utmanande marknad"},"content":{"rendered":"","protected":false},"excerpt":{"rendered":"","protected":false},"author":9,"featured_media":6684,"parent":0,"menu_order":0,"comment_status":"closed","ping_status":"closed","template":"template-clientcasesvideo.php","meta":{"_acf_changed":true,"footnotes":""},"class_list":["post-6677","page","type-page","status-publish","has-post-thumbnail","hentry"],"acf":[],"_links":{"self":[{"href":"https:\/\/jp.cars\/sv\/wp-json\/wp\/v2\/pages\/6677","targetHints":{"allow":["GET"]}}],"collection":[{"href":"https:\/\/jp.cars\/sv\/wp-json\/wp\/v2\/pages"}],"about":[{"href":"https:\/\/jp.cars\/sv\/wp-json\/wp\/v2\/types\/page"}],"author":[{"embeddable":true,"href":"https:\/\/jp.cars\/sv\/wp-json\/wp\/v2\/users\/9"}],"replies":[{"embeddable":true,"href":"https:\/\/jp.cars\/sv\/wp-json\/wp\/v2\/comments?post=6677"}],"version-history":[{"count":0,"href":"https:\/\/jp.cars\/sv\/wp-json\/wp\/v2\/pages\/6677\/revisions"}],"wp:featuredmedia":[{"embeddable":true,"href":"https:\/\/jp.cars\/sv\/wp-json\/wp\/v2\/media\/6684"}],"wp:attachment":[{"href":"https:\/\/jp.cars\/sv\/wp-json\/wp\/v2\/media?parent=6677"}],"curies":[{"name":"wp","href":"https:\/\/api.w.org\/{rel}","templated":true}]}}