{"id":4166,"date":"2025-08-22T16:02:44","date_gmt":"2025-08-22T14:02:44","guid":{"rendered":"https:\/\/jp.cars\/new-home\/le-couter\/"},"modified":"2025-12-24T16:24:45","modified_gmt":"2025-12-24T14:24:45","slug":"le-couter","status":"publish","type":"page","link":"https:\/\/jp.cars\/sv\/le-couter\/","title":{"rendered":"Le Couter ser \u00f6kad f\u00f6rs\u00e4ljning med mindre lager tack vare JP.cars"},"content":{"rendered":"","protected":false},"excerpt":{"rendered":"","protected":false},"author":9,"featured_media":5919,"parent":0,"menu_order":0,"comment_status":"closed","ping_status":"closed","template":"template-clientcasesvideo.php","meta":{"_acf_changed":true,"footnotes":""},"class_list":["post-4166","page","type-page","status-publish","has-post-thumbnail","hentry"],"acf":[],"_links":{"self":[{"href":"https:\/\/jp.cars\/sv\/wp-json\/wp\/v2\/pages\/4166","targetHints":{"allow":["GET"]}}],"collection":[{"href":"https:\/\/jp.cars\/sv\/wp-json\/wp\/v2\/pages"}],"about":[{"href":"https:\/\/jp.cars\/sv\/wp-json\/wp\/v2\/types\/page"}],"author":[{"embeddable":true,"href":"https:\/\/jp.cars\/sv\/wp-json\/wp\/v2\/users\/9"}],"replies":[{"embeddable":true,"href":"https:\/\/jp.cars\/sv\/wp-json\/wp\/v2\/comments?post=4166"}],"version-history":[{"count":0,"href":"https:\/\/jp.cars\/sv\/wp-json\/wp\/v2\/pages\/4166\/revisions"}],"wp:featuredmedia":[{"embeddable":true,"href":"https:\/\/jp.cars\/sv\/wp-json\/wp\/v2\/media\/5919"}],"wp:attachment":[{"href":"https:\/\/jp.cars\/sv\/wp-json\/wp\/v2\/media?parent=4166"}],"curies":[{"name":"wp","href":"https:\/\/api.w.org\/{rel}","templated":true}]}}