{"id":3613,"date":"2025-08-22T16:02:44","date_gmt":"2025-08-22T14:02:44","guid":{"rendered":"https:\/\/jp.cars\/be-region\/le-couter-ziet-groei-in-sales-met-minder-stock-door-jp-cars\/"},"modified":"2025-12-24T16:21:55","modified_gmt":"2025-12-24T14:21:55","slug":"le-couter","status":"publish","type":"page","link":"https:\/\/jp.cars\/fr\/le-couter\/","title":{"rendered":"Le Couter voit ses ventes cro\u00eetre tout en r\u00e9duisant son stock gr\u00e2ce \u00e0 JP.cars"},"content":{"rendered":"","protected":false},"excerpt":{"rendered":"","protected":false},"author":9,"featured_media":5865,"parent":0,"menu_order":0,"comment_status":"closed","ping_status":"closed","template":"template-clientcasesvideo.php","meta":{"_acf_changed":true,"footnotes":""},"class_list":["post-3613","page","type-page","status-publish","has-post-thumbnail","hentry"],"acf":[],"_links":{"self":[{"href":"https:\/\/jp.cars\/fr\/wp-json\/wp\/v2\/pages\/3613","targetHints":{"allow":["GET"]}}],"collection":[{"href":"https:\/\/jp.cars\/fr\/wp-json\/wp\/v2\/pages"}],"about":[{"href":"https:\/\/jp.cars\/fr\/wp-json\/wp\/v2\/types\/page"}],"author":[{"embeddable":true,"href":"https:\/\/jp.cars\/fr\/wp-json\/wp\/v2\/users\/9"}],"replies":[{"embeddable":true,"href":"https:\/\/jp.cars\/fr\/wp-json\/wp\/v2\/comments?post=3613"}],"version-history":[{"count":0,"href":"https:\/\/jp.cars\/fr\/wp-json\/wp\/v2\/pages\/3613\/revisions"}],"wp:featuredmedia":[{"embeddable":true,"href":"https:\/\/jp.cars\/fr\/wp-json\/wp\/v2\/media\/5865"}],"wp:attachment":[{"href":"https:\/\/jp.cars\/fr\/wp-json\/wp\/v2\/media?parent=3613"}],"curies":[{"name":"wp","href":"https:\/\/api.w.org\/{rel}","templated":true}]}}